{"id":1060,"date":"2025-04-23T11:55:40","date_gmt":"2025-04-23T11:55:40","guid":{"rendered":"https:\/\/lumeneger.hu\/?page_id=1060"},"modified":"2025-04-23T11:55:43","modified_gmt":"2025-04-23T11:55:43","slug":"foglalas","status":"publish","type":"page","link":"https:\/\/lumeneger.hu\/en\/foglalas\/","title":{"rendered":"Foglal\u00e1s"},"content":{"rendered":"<script>\n  \/\/ Google Analytics esem\u00e9ny (opcion\u00e1lis, t\u00f6r\u00f6ld ha nem haszn\u00e1lod)\n  if (typeof gtag === 'function') {\n    gtag('event', 'foglalas_atiranyitas', {\n      'event_category': 'Foglal\u00e1s',\n      'event_label': 'Sabee'\n    });\n  }\n\n  \/\/ \u00c1tir\u00e1ny\u00edt\u00e1s 1,5 m\u00e1sodperc k\u00e9sleltet\u00e9ssel\n  setTimeout(function() {\n    window.location.href = \"https:\/\/ibe.sabeeapp.com\/properties\/LUMEN-Gasztropanzi\u00f3****-foglal\u00e1s\/?p=bSp720ae3a099f84df3&checkin=2025-04-23&checkout=2025-04-24\";\n  }, 1500);\n<\/script>\n\n<p>\u00c1tir\u00e1ny\u00edt\u00e1s folyamatban&#8230; K\u00e9rj\u00fck, v\u00e1rjon egy pillanatot.<\/p>","protected":false},"excerpt":{"rendered":"<p>\u00c1tir\u00e1ny\u00edt\u00e1s folyamatban&#8230; K\u00e9rj\u00fck, v\u00e1rjon egy pillanatot.<\/p>","protected":false},"author":1,"featured_media":0,"parent":0,"menu_order":0,"comment_status":"closed","ping_status":"closed","template":"","meta":{"footnotes":""},"class_list":["post-1060","page","type-page","status-publish","hentry"],"_links":{"self":[{"href":"https:\/\/lumeneger.hu\/en\/wp-json\/wp\/v2\/pages\/1060","targetHints":{"allow":["GET"]}}],"collection":[{"href":"https:\/\/lumeneger.hu\/en\/wp-json\/wp\/v2\/pages"}],"about":[{"href":"https:\/\/lumeneger.hu\/en\/wp-json\/wp\/v2\/types\/page"}],"author":[{"embeddable":true,"href":"https:\/\/lumeneger.hu\/en\/wp-json\/wp\/v2\/users\/1"}],"replies":[{"embeddable":true,"href":"https:\/\/lumeneger.hu\/en\/wp-json\/wp\/v2\/comments?post=1060"}],"version-history":[{"count":1,"href":"https:\/\/lumeneger.hu\/en\/wp-json\/wp\/v2\/pages\/1060\/revisions"}],"predecessor-version":[{"id":1061,"href":"https:\/\/lumeneger.hu\/en\/wp-json\/wp\/v2\/pages\/1060\/revisions\/1061"}],"wp:attachment":[{"href":"https:\/\/lumeneger.hu\/en\/wp-json\/wp\/v2\/media?parent=1060"}],"curies":[{"name":"wp","href":"https:\/\/api.w.org\/{rel}","templated":true}]}}