{"id":1062,"date":"2025-04-23T11:57:26","date_gmt":"2025-04-23T11:57:26","guid":{"rendered":"https:\/\/lumeneger.hu\/?page_id=1062"},"modified":"2025-04-23T12:00:15","modified_gmt":"2025-04-23T12:00:15","slug":"arkalkulacio-foglalas","status":"publish","type":"page","link":"https:\/\/lumeneger.hu\/en\/arkalkulacio-foglalas\/","title":{"rendered":"Price calculation\/Reservation"},"content":{"rendered":"<style>\n  body {\n    background-color: #000;\n    margin: 0;\n    padding: 0;\n  }\n  .redirect-message {\n    display: flex;\n    justify-content: center;\n    align-items: center;\n    height: 100vh;\n    color: #fff;\n    font-size: 2rem;\n    font-family: sans-serif;\n    text-align: center;\n  }\n<\/style>\n\n<div class=\"redirect-message\">\n  K\u00e9rj\u00fck, v\u00e1rjon egy pillanatot.\n<\/div>\n\n<script>\n  setTimeout(function() {\n    window.location.href = \"https:\/\/ibe.sabeeapp.com\/properties\/LUMEN-Gasztropanzi\u00f3****-foglal\u00e1s\/?p=bSp720ae3a099f84df3&checkin=2025-04-23&checkout=2025-04-24\";\n  }, 500); \/\/ 0,5 m\u00e1sodperc\n<\/script>","protected":false},"excerpt":{"rendered":"<p>K\u00e9rj\u00fck, v\u00e1rjon egy pillanatot.<\/p>","protected":false},"author":1,"featured_media":0,"parent":0,"menu_order":0,"comment_status":"closed","ping_status":"closed","template":"","meta":{"footnotes":""},"class_list":["post-1062","page","type-page","status-publish","hentry"],"_links":{"self":[{"href":"https:\/\/lumeneger.hu\/en\/wp-json\/wp\/v2\/pages\/1062","targetHints":{"allow":["GET"]}}],"collection":[{"href":"https:\/\/lumeneger.hu\/en\/wp-json\/wp\/v2\/pages"}],"about":[{"href":"https:\/\/lumeneger.hu\/en\/wp-json\/wp\/v2\/types\/page"}],"author":[{"embeddable":true,"href":"https:\/\/lumeneger.hu\/en\/wp-json\/wp\/v2\/users\/1"}],"replies":[{"embeddable":true,"href":"https:\/\/lumeneger.hu\/en\/wp-json\/wp\/v2\/comments?post=1062"}],"version-history":[{"count":3,"href":"https:\/\/lumeneger.hu\/en\/wp-json\/wp\/v2\/pages\/1062\/revisions"}],"predecessor-version":[{"id":1065,"href":"https:\/\/lumeneger.hu\/en\/wp-json\/wp\/v2\/pages\/1062\/revisions\/1065"}],"wp:attachment":[{"href":"https:\/\/lumeneger.hu\/en\/wp-json\/wp\/v2\/media?parent=1062"}],"curies":[{"name":"wp","href":"https:\/\/api.w.org\/{rel}","templated":true}]}}