{"id":668,"date":"2024-10-11T09:49:41","date_gmt":"2024-10-11T09:49:41","guid":{"rendered":"https:\/\/lumeneger.hu\/?page_id=668"},"modified":"2026-04-01T08:21:43","modified_gmt":"2026-04-01T08:21:43","slug":"business-menu","status":"publish","type":"page","link":"https:\/\/lumeneger.hu\/en\/business-menu\/","title":{"rendered":"Szezon\u00e1lis aj\u00e1nlat"},"content":{"rendered":"<h2 class=\"wp-block-heading\">BUSINESS MEN\u00dc<\/h2>\n\n\n\n<p><strong>2024. december 2 &#8211; 6.<br>H\u00e9tf\u0151 \u2013 P\u00e9ntek<br>12<sup>00<\/sup>-15<sup>00<\/sup><\/strong><\/p>\n\n\n\n<p>El\u0151\u00e9tel\/leves:<br>\u2013 H\u00e1zi kacsasonka k\u00f6r\u00f6z\u00f6ttel<br>\u2013 Fokhagyma-kr\u00e9mleves buggyantott toj\u00e1ssal<\/p>\n\n\n\n<p>F\u0151\u00e9telek:<br>\u2013 Kacsaz\u00faza paprik\u00e1s t\u00far\u00f3s csusz\u00e1val<br>\u2013 R\u00e1ntott csirkecomb z\u00f6ldhagym\u00e1s burgonyap\u00fcr\u00e9vel, c\u00e9kl\u00e1s remoulade m\u00e1rt\u00e1ssal<br>\u2013 Grillezett gomolya C\u00e9z\u00e1r dresszinges sal\u00e1t\u00e1val<\/p>\n\n\n\n<p>Desszert:<br>\u2013 Csokol\u00e1d\u00e9 ganache mang\u00f3 sorbettel, mandul\u00e1s morzs\u00e1val<\/p>\n\n\n\n<p>V\u00e1rjuk \u00d6nt is a Lumen \u00c9tteremben, ahol minden h\u00e9ten \u00faj, izgalmas fog\u00e1sokkal k\u00e9sz\u00fcl\u00fcnk a Business Men\u00fc keret\u00e9ben!<br>H\u00e9tf\u0151t\u0151l p\u00e9ntekig 12:00-15:00 \u00f3ra k\u00f6z\u00f6tt!<br>K\u00e9tfog\u00e1sos men\u00fc: 2.890 Ft<br>H\u00e1romfog\u00e1sos men\u00fc: 3.750 Ft<br>Ide\u00e1lis lehet\u0151s\u00e9g egy gyors, m\u00e9gis k\u00fcl\u00f6nleges eb\u00e9dhez. Engedje, hogy heti aj\u00e1nlataink frissess\u00e9ge inspir\u00e1lja, mik\u00f6zben egy pihentet\u0151 k\u00f6rnyezetben \u00e9lvezheti eb\u00e9dj\u00e9t. Foglaljon el\u0151re, hogy biztosan legyen helye:<br>+36 (30) 288 0274<br>lumenetterem@gmail.com<br>Felt\u00fcntetett \u00e1rakra +12% szerv\u00edzd\u00edjat sz\u00e1molunk fel.<\/p>\n\n\n\n<p><\/p>","protected":false},"excerpt":{"rendered":"<p>BUSINESS MEN\u00dc 2024. december 2 &#8211; 6.H\u00e9tf\u0151 \u2013 P\u00e9ntek1200-1500 El\u0151\u00e9tel\/leves:\u2013 H\u00e1zi kacsasonka k\u00f6r\u00f6z\u00f6ttel\u2013 Fokhagyma-kr\u00e9mleves buggyantott toj\u00e1ssal F\u0151\u00e9telek:\u2013 Kacsaz\u00faza paprik\u00e1s t\u00far\u00f3s csusz\u00e1val\u2013 R\u00e1ntott csirkecomb z\u00f6ldhagym\u00e1s burgonyap\u00fcr\u00e9vel, c\u00e9kl\u00e1s remoulade m\u00e1rt\u00e1ssal\u2013 Grillezett gomolya C\u00e9z\u00e1r dresszinges sal\u00e1t\u00e1val Desszert:\u2013 Csokol\u00e1d\u00e9 ganache mang\u00f3 sorbettel, mandul\u00e1s morzs\u00e1val V\u00e1rjuk \u00d6nt is a Lumen \u00c9tteremben, ahol minden h\u00e9ten \u00faj, izgalmas fog\u00e1sokkal k\u00e9sz\u00fcl\u00fcnk a Business [&hellip;]<\/p>\n","protected":false},"author":1,"featured_media":0,"parent":0,"menu_order":0,"comment_status":"closed","ping_status":"closed","template":"","meta":{"footnotes":""},"class_list":["post-668","page","type-page","status-publish","hentry"],"_links":{"self":[{"href":"https:\/\/lumeneger.hu\/en\/wp-json\/wp\/v2\/pages\/668","targetHints":{"allow":["GET"]}}],"collection":[{"href":"https:\/\/lumeneger.hu\/en\/wp-json\/wp\/v2\/pages"}],"about":[{"href":"https:\/\/lumeneger.hu\/en\/wp-json\/wp\/v2\/types\/page"}],"author":[{"embeddable":true,"href":"https:\/\/lumeneger.hu\/en\/wp-json\/wp\/v2\/users\/1"}],"replies":[{"embeddable":true,"href":"https:\/\/lumeneger.hu\/en\/wp-json\/wp\/v2\/comments?post=668"}],"version-history":[{"count":4,"href":"https:\/\/lumeneger.hu\/en\/wp-json\/wp\/v2\/pages\/668\/revisions"}],"predecessor-version":[{"id":1497,"href":"https:\/\/lumeneger.hu\/en\/wp-json\/wp\/v2\/pages\/668\/revisions\/1497"}],"wp:attachment":[{"href":"https:\/\/lumeneger.hu\/en\/wp-json\/wp\/v2\/media?parent=668"}],"curies":[{"name":"wp","href":"https:\/\/api.w.org\/{rel}","templated":true}]}}